{"id":4,"date":"2011-06-16T19:12:15","date_gmt":"2011-06-16T17:12:15","guid":{"rendered":"http:\/\/marziatedeschi.idra.it\/?page_id=4"},"modified":"2020-01-20T22:07:47","modified_gmt":"2020-01-20T21:07:47","slug":"curriculum","status":"publish","type":"page","link":"https:\/\/marziatedeschi.idra.it\/fr\/curriculum\/","title":{"rendered":"r\u00e9sum\u00e9"},"content":{"rendered":"<p><\/p>\n<p><strong>MARZIA TEDESCHI.<\/strong><\/p>\n<p><strong>Langues \u00e9trager\u00e8s<\/strong>:<br \/>\nitalien (langue matern\u00e8lle) et courant fran\u00e7ais, anglais et allemad; elle a jou\u00e9 aussi en arabe pour le film Le pain nu avec le support d\u00b4un dialogue-coach.<\/p>\n<p><strong>Formation de com\u00e9dienne<\/strong>:<br \/>\n&#8211; 2017 Casting wotkshop avec Nancy Bishop, Amsterdam. \u00a0 \u00a0 \u00a0 -2015 Casting-Training: national &amp; international pr\u00e9s del\u00b4institut des commedi\u00e9nnes iSFF de Berlin. \u00a0 \u00a0 \u00a0 \u00a0 \u00a0 \u00a0 \u00a0 \u00a0 \u00a0 \u00a0 \u00a0 \u00a0 \u00a0 \u00a0 \u00a0 \u00a0 \u00a0 \u00a0 \u00a0 \u00a0 \u00a0 \u00a0 \u00a0 -2015 Masterclass &#8220;Le pouvoir de l&#8217;acteur&#8221; avec Ivana Chubbuck, Berlin.<br \/>\n&#8211; 2014 Acting Classes at MCS Studio, Sandy Meisner Tecnique, Manhattan, New York.<br \/>\n&#8211; 2012-2014 Acting classes and Workshops avec Mike Bernardin et Greta Amend, Meisner Tecnique, Actor Space Berlin.<br \/>\n&#8211; 2000-2005 Rome-Milan: nombreux stages de sp\u00e9cialisation, m\u00e9thode Strasberg aupr\u00e8s des Coach de l\u2019Actor Studio de New York, parmi lesquels : Geraldine Baron, Marilyn Fried, Michael Margotta et Greata Seacat (acting coach sur les films de Francis Ford Coppola).<br \/>\n&#8211; 2003 Dipl\u00f4me de Theatre et performing arts \u00e0 l&#8217;Universit\u00e9 La Sapienza de Rome.<\/p>\n<p><strong>Cin\u00e9ma et courts-m\u00e9trages<\/strong>:<\/p>\n<p>-2018 &#8220;Better free&#8221; court-m\u00e9trage, Regie Julian Regensburger, Sudtirol\/ Babelsberg Studios\/ Postam.<br \/>\n-2017 Film &#8220;Tarantella&#8221;,regie Nuno-Muguel Wong, r\u00f4le Francesca Tegano, prod. Turiyafilm et FFF Bayern, Munich.\u00a0 \u00a0 \u00a0 \u00a0 \u00a0 \u00a0 \u00a0 \u00a0 \u00a0 \u00a0 \u00a0 \u00a0 \u00a0 \u00a0-2015 \u00a0Laser Pope, r\u00e9alis\u00e9 par Lukas Rinker, Film project, Hochschule Medien, Mainz, Allemagne .<br \/>\n&#8211; 2011 Film Mancanza-Studio,r\u00e9alis\u00e9 par Stefano Odoardi, Italie\/Corea du Sud.<br \/>\n&#8211; 2008 Film No Problem, r\u00e9alis\u00e9 par Vincenzo Salemme, Prod. Medusa, Italie.<br \/>\n&#8211; 2006 Film Le pain nu ou Al Hubz al Hafi (For bread alone \/ Il pane nudo), r\u00e9alis\u00e9 par Rachid Benhadj. R\u00f4le:Sallafa. Avec Sa\u00efd Taghmaoui. Coprod. Italie\/France\/Maroc; prod. Roberto De Laurentiis.<br \/>\n&#8211; 2005 Life is an illusion, court-m\u00e9trage tourn\u00e9 \u00e0 Los Angeles, r\u00e9alis\u00e9 par Massimo Amici, Acaluma Prod.<\/p>\n<p><strong>T\u00e9l\u00e9vision<\/strong>:<\/p>\n<p>-2019 &#8220;Bonusfamilie&#8221;, Regie Isabel Braak, Rolle Giulia, Prod. Goodfriends\/ARD, Berlin.<\/p>\n<p>-2018 Urlaub mit Mama, role Rosalia, regie Florian Froschmeyer, r\u00f4le Rosalia,prod. Letterbox\/ARD, Berlin.<br \/>\n-2017 Tartort: der sprechende Tote, r\u00f4le Maria, r\u00e9alis\u00e9 par Roland Suso Richter, prod. AWR\/ARD, Allemagne-Espagne. \u00a0 \u00a0 \u00a0 \u00a0 \u00a0 \u00a0 \u00a0 \u00a0 \u00a0 \u00a0 \u00a0 -2016 Leichtmatrosen,r\u00f4le Luana, r\u00e9alis\u00e9 par Stefan Hering, prod. Lichtblick\/ARD, Berlin, Allemagne. \u00a0 \u00a0 \u00a0 \u00a0 \u00a0 \u00a0 \u00a0 \u00a0 \u00a0 \u00a0 \u00a0 \u00a0 \u00a0 \u00a0 \u00a0 \u00a0 \u00a0 \u00a0 \u00a0 \u00a0 \u00a0 \u00a0 \u00a0 -2015 Goster, r\u00f4le Gilda, r\u00e9alis\u00e9 par Didi Danquart, prod. HR\/ARD, Frankfurt am Main, Allemagne.<br \/>\n&#8211; 2014 Tatort-Die Sonne stirbt wie ein Tie, r\u00f4le Maria, r\u00e9alis\u00e9 par Patrick Winczewski, prod. SWR, Baden Baden, Allemagne.<br \/>\n&#8211; 2013 Dahoam is Dahoam, r\u00f4le Gina, r\u00e9alis\u00e9 par Thomas Pauli, prod. Costantin, M\u00fcnchen, Allemagne.<br \/>\n&#8211; 2012 L\u2019Isola, r\u00f4le Jasmine, r\u00e9alis\u00e9 par Alberto Negrin, Prod. Palomar\/RAI, Italie.\u00a0 \u00a0 \u00a0 \u00a0 \u00a0 \u00a0 \u00a0 \u00a0 \u00a0 \u00a0 \u00a0 \u00a0 \u00a0 \u00a0 \u00a0 \u00a0 \u00a0 \u00a0<\/p>\n<p><strong>Th\u00e9\u00e2tre<\/strong>:<br \/>\n-2019 &#8220;<strong>Clan Macbeth<\/strong>&#8220;, role Lady Macbeth, Regie Daniele Scattina, Skampa international Theater Festival,Albanie.<\/p>\n<p>-2018 &#8220;<strong>Clan Macbeth<\/strong>&#8220;, role Lady Macbeth, Regie Daniele Scattina, Tanger international Theater Festival, Maroc.<\/p>\n<p>-2015 Clan Macbeth, r\u00f4le Lady Macbeth, r\u00e9alis\u00e9 par Daniele Scattina, international th\u00e9atre festival de B\u00e9jaia (Bougie) , Alg\u00e9rie.<br \/>\n&#8211; 2015 Clan Macbeth, r\u00f4le Lady Macbeth, r\u00e9alis\u00e9 par Daniele Scattina, Th\u00e9atre national d\u00b4Alger, Alg\u00e9rie.<br \/>\n&#8211; 2015 Clan Macbeth, r\u00f4le Lady Macbeth, r\u00e9alis\u00e9 par Daniele Scattina, international th\u00e9atre Festival de Poti, Georgie.<br \/>\n&#8211; 2014 Clan Macbeth ,r\u00f4le Lady Macbeth, r\u00e9alis\u00e9 par Daniele Scattina, MITF Int. Th\u00e9atre Festival, Manhattan, New York.<br \/>\n&#8211; 2014 Rock Caligola, r\u00f4le Cesonia, r\u00e9alis\u00e9 par Daniele Scattina,Th\u00e9atre Tor Bella Monaca, Rome.<br \/>\n&#8211; 2011 Clan Macbeth, r\u00f4le Lady Macbeth, r\u00e9alis\u00e9 par Daniele Scattina, Th\u00e9atre degli Avvaloranti, PG, Italie.<br \/>\n&#8211; 2011 Clan Macbeth , r\u00f4le Lady Macbeth, r\u00e9alis\u00e9 par Daniele Scattina, Festival du Th\u00e9atre de Amman, Giordanie.<br \/>\n&#8211; 2008 Attivamente Coinvolte r\u00e9alis\u00e9 par Daniela Giordano, Th\u00e9atre Palladium, Rome.<br \/>\n&#8211; 2008 Come lo fanno le ragazze r\u00e9alis\u00e9 par Daniela Giordano, Th\u00e9atre Piccolo Eliseo , Rome.<br \/>\n&#8211; 2007 Incursioni Amorose de Roberto Leoni, mise en sc\u00e8ne de Danny Cecchini, Th\u00e9atre Sala Petrolini, Rome.<br \/>\n&#8211; 2007 L\u2019Isola e il vento, de G.Quercini, avec Filippo Timi, Th\u00e9atre Ateneo, Rome.<br \/>\n&#8211; 2004-2005 L\u2019Impr\u00e9sario de Smirne , mise en sc\u00e8ne de Massimo Belli, r\u00f4le Lucrezia Giuggioli. Avec Nino Castelnuovo; tourn\u00e9e d\u2019\u00e9t\u00e9 et d\u2019hiver et Festival du Th\u00e9atre de Taormina .<br \/>\n&#8211; 2002 \u00abDrunken song, or some men are born posthumously \u00bb, de Paul Lawley, mise en sc\u00e8ne de Terry Enright, th\u00e9\u00e2tre \u00abThe Studio \u00bb, Exmouth (Grande-Bretagne).<\/p>\n<p><strong>Prix obtenus et divers<\/strong>:<br \/>\n&#8211; 2014 Membre du jury du Festival de th\u00e9\u00e2tre Kufar \u00e1 Minsk, B\u00e9larus.<br \/>\n&#8211; 2011 Actrice itali\u00e9nne dans le \u00ab Talent\u00b4s Corner \u00bb au Festival de Cannes.<br \/>\n&#8211; 2010 Membre du jury du Festival de cinema (Int. shortfilm selection) \u00e1 Damas, Syrie.<br \/>\n&#8211; 2006 Prix de la \u00abMeilleure Actrice\u00bb au Tiburon International Film Festival, San Francisco USA, pour le r\u00f4le de Sallafa dans le film \u00ab Le Pain nu \u00bb.<br \/>\n&#8211; 2006 Prix \u00abMeilleure second r\u00f4le f\u00e9minin \u00bb au B.A. Film Festival , Busto Arsizio, Italie, film \u00ab Le Pain nu \u00bb .<br \/>\n&#8211; 2006 Prix \u00abMeilleure actrice \u00bb au Festival du film arabe de Rotterdam,Pays-Bas, pour le film \u00ab Le Pain nu \u00bb ou \u00ab For bread Alone \u00bb.<\/p>\n<p><strong>Dialectes italiens<\/strong>: de Toscane et d\u2019Ombrie.<\/p>\n<p><strong>Skills<\/strong>: chanter,dancer,skier, natation, bikram yoga.<\/p>\n<p>Agent :<\/p>\n<p>Black and White Management, Rome.<\/p>\n<p>https:\/\/blackewhite.com\/actors\/marzia-tedeschi\/<\/p>\n<p>&nbsp;<\/p>\n<p>&nbsp;<\/p>\n<p>&nbsp;<\/p>\n<p><\/p>","protected":false},"excerpt":{"rendered":"<p>MARZIA TEDESCHI. Langues \u00e9trager\u00e8s: italien (langue matern\u00e8lle) et courant fran\u00e7ais, anglais et allemad; elle a jou\u00e9 aussi en arabe pour le film Le pain nu [&#038;hellip<\/p>\n","protected":false},"author":2,"featured_media":0,"parent":0,"menu_order":0,"comment_status":"closed","ping_status":"closed","template":"","meta":{"ngg_post_thumbnail":0,"jetpack_post_was_ever_published":false,"footnotes":""},"class_list":["post-4","page","type-page","status-publish","hentry"],"yoast_head":"<!-- This site is optimized with the Yoast SEO plugin v23.4 - https:\/\/yoast.com\/wordpress\/plugins\/seo\/ -->\n<title>r\u00e9sum\u00e9 - Marzia Tedeschi<\/title>\n<meta name=\"robots\" content=\"index, follow, max-snippet:-1, max-image-preview:large, max-video-preview:-1\" \/>\n<link rel=\"canonical\" href=\"https:\/\/marziatedeschi.idra.it\/curriculum\/\" \/>\n<meta property=\"og:locale\" content=\"fr_FR\" \/>\n<meta property=\"og:type\" content=\"article\" \/>\n<meta property=\"og:title\" content=\"[:it]curriculum[:en]r\u00e9sum\u00e9[:fr]r\u00e9sum\u00e9[:de]curriculum[:] - Marzia Tedeschi\" \/>\n<meta property=\"og:description\" content=\"MARZIA TEDESCHI. Langues \u00e9trager\u00e8s: italien (langue matern\u00e8lle) et courant fran\u00e7ais, anglais et allemad; elle a jou\u00e9 aussi en arabe pour le film Le pain nu [&amp;hellip\" \/>\n<meta property=\"og:url\" content=\"https:\/\/marziatedeschi.idra.it\/curriculum\/\" \/>\n<meta property=\"og:site_name\" content=\"Marzia Tedeschi\" \/>\n<meta property=\"article:modified_time\" content=\"2020-01-20T21:07:47+00:00\" \/>\n<meta name=\"twitter:card\" content=\"summary_large_image\" \/>\n<meta name=\"twitter:label1\" content=\"Dur\u00e9e de lecture estim\u00e9e\" \/>\n\t<meta name=\"twitter:data1\" content=\"15 minutes\" \/>\n<script type=\"application\/ld+json\" class=\"yoast-schema-graph\">{\"@context\":\"https:\/\/schema.org\",\"@graph\":[{\"@type\":\"WebPage\",\"@id\":\"https:\/\/marziatedeschi.idra.it\/curriculum\/\",\"url\":\"https:\/\/marziatedeschi.idra.it\/curriculum\/\",\"name\":\"[:it]curriculum[:en]r\u00e9sum\u00e9[:fr]r\u00e9sum\u00e9[:de]curriculum[:] - Marzia Tedeschi\",\"isPartOf\":{\"@id\":\"https:\/\/marziatedeschi.idra.it\/#website\"},\"datePublished\":\"2011-06-16T17:12:15+00:00\",\"dateModified\":\"2020-01-20T21:07:47+00:00\",\"breadcrumb\":{\"@id\":\"https:\/\/marziatedeschi.idra.it\/curriculum\/#breadcrumb\"},\"inLanguage\":\"fr-FR\",\"potentialAction\":[{\"@type\":\"ReadAction\",\"target\":[\"https:\/\/marziatedeschi.idra.it\/curriculum\/\"]}]},{\"@type\":\"BreadcrumbList\",\"@id\":\"https:\/\/marziatedeschi.idra.it\/curriculum\/#breadcrumb\",\"itemListElement\":[{\"@type\":\"ListItem\",\"position\":1,\"name\":\"Home\",\"item\":\"https:\/\/marziatedeschi.idra.it\/\"},{\"@type\":\"ListItem\",\"position\":2,\"name\":\"curriculum\"}]},{\"@type\":\"WebSite\",\"@id\":\"https:\/\/marziatedeschi.idra.it\/#website\",\"url\":\"https:\/\/marziatedeschi.idra.it\/\",\"name\":\"Marzia Tedeschi\",\"description\":\"... per PASSIONE, per MISSIONE e per AMORE\",\"potentialAction\":[{\"@type\":\"SearchAction\",\"target\":{\"@type\":\"EntryPoint\",\"urlTemplate\":\"https:\/\/marziatedeschi.idra.it\/?s={search_term_string}\"},\"query-input\":{\"@type\":\"PropertyValueSpecification\",\"valueRequired\":true,\"valueName\":\"search_term_string\"}}],\"inLanguage\":\"fr-FR\"}]}<\/script>\n<!-- \/ Yoast SEO plugin. -->","yoast_head_json":{"title":"[:it]curriculum[:en]r\u00e9sum\u00e9[:fr]r\u00e9sum\u00e9[:de]curriculum[:] - Marzia Tedeschi","robots":{"index":"index","follow":"follow","max-snippet":"max-snippet:-1","max-image-preview":"max-image-preview:large","max-video-preview":"max-video-preview:-1"},"canonical":"https:\/\/marziatedeschi.idra.it\/curriculum\/","og_locale":"fr_FR","og_type":"article","og_title":"[:it]curriculum[:en]r\u00e9sum\u00e9[:fr]r\u00e9sum\u00e9[:de]curriculum[:] - Marzia Tedeschi","og_description":"MARZIA TEDESCHI. Langues \u00e9trager\u00e8s: italien (langue matern\u00e8lle) et courant fran\u00e7ais, anglais et allemad; elle a jou\u00e9 aussi en arabe pour le film Le pain nu [&hellip","og_url":"https:\/\/marziatedeschi.idra.it\/curriculum\/","og_site_name":"Marzia Tedeschi","article_modified_time":"2020-01-20T21:07:47+00:00","twitter_card":"summary_large_image","twitter_misc":{"Dur\u00e9e de lecture estim\u00e9e":"15 minutes"},"schema":{"@context":"https:\/\/schema.org","@graph":[{"@type":"WebPage","@id":"https:\/\/marziatedeschi.idra.it\/curriculum\/","url":"https:\/\/marziatedeschi.idra.it\/curriculum\/","name":"[:it]curriculum[:en]r\u00e9sum\u00e9[:fr]r\u00e9sum\u00e9[:de]curriculum[:] - Marzia Tedeschi","isPartOf":{"@id":"https:\/\/marziatedeschi.idra.it\/#website"},"datePublished":"2011-06-16T17:12:15+00:00","dateModified":"2020-01-20T21:07:47+00:00","breadcrumb":{"@id":"https:\/\/marziatedeschi.idra.it\/curriculum\/#breadcrumb"},"inLanguage":"fr-FR","potentialAction":[{"@type":"ReadAction","target":["https:\/\/marziatedeschi.idra.it\/curriculum\/"]}]},{"@type":"BreadcrumbList","@id":"https:\/\/marziatedeschi.idra.it\/curriculum\/#breadcrumb","itemListElement":[{"@type":"ListItem","position":1,"name":"Home","item":"https:\/\/marziatedeschi.idra.it\/"},{"@type":"ListItem","position":2,"name":"curriculum"}]},{"@type":"WebSite","@id":"https:\/\/marziatedeschi.idra.it\/#website","url":"https:\/\/marziatedeschi.idra.it\/","name":"Marzia Tedeschi","description":"... per PASSIONE, per MISSIONE e per AMORE","potentialAction":[{"@type":"SearchAction","target":{"@type":"EntryPoint","urlTemplate":"https:\/\/marziatedeschi.idra.it\/?s={search_term_string}"},"query-input":{"@type":"PropertyValueSpecification","valueRequired":true,"valueName":"search_term_string"}}],"inLanguage":"fr-FR"}]}},"jetpack_shortlink":"https:\/\/wp.me\/P1Hlqd-4","jetpack_sharing_enabled":true,"_links":{"self":[{"href":"https:\/\/marziatedeschi.idra.it\/fr\/wp-json\/wp\/v2\/pages\/4"}],"collection":[{"href":"https:\/\/marziatedeschi.idra.it\/fr\/wp-json\/wp\/v2\/pages"}],"about":[{"href":"https:\/\/marziatedeschi.idra.it\/fr\/wp-json\/wp\/v2\/types\/page"}],"author":[{"embeddable":true,"href":"https:\/\/marziatedeschi.idra.it\/fr\/wp-json\/wp\/v2\/users\/2"}],"replies":[{"embeddable":true,"href":"https:\/\/marziatedeschi.idra.it\/fr\/wp-json\/wp\/v2\/comments?post=4"}],"version-history":[{"count":154,"href":"https:\/\/marziatedeschi.idra.it\/fr\/wp-json\/wp\/v2\/pages\/4\/revisions"}],"predecessor-version":[{"id":4107,"href":"https:\/\/marziatedeschi.idra.it\/fr\/wp-json\/wp\/v2\/pages\/4\/revisions\/4107"}],"wp:attachment":[{"href":"https:\/\/marziatedeschi.idra.it\/fr\/wp-json\/wp\/v2\/media?parent=4"}],"curies":[{"name":"wp","href":"https:\/\/api.w.org\/{rel}","templated":true}]}}