{"id":237,"date":"2011-06-17T10:20:53","date_gmt":"2011-06-17T08:20:53","guid":{"rendered":"http:\/\/marziatedeschi.idra.it\/?page_id=237"},"modified":"2020-01-20T22:10:55","modified_gmt":"2020-01-20T21:10:55","slug":"biografia","status":"publish","type":"page","link":"https:\/\/marziatedeschi.idra.it\/fr\/marzia-tedeschi-video\/video-cinema\/biografia\/","title":{"rendered":"biographie"},"content":{"rendered":"<p><\/p>\n<p><strong>\u00a0Marzia Tedeschi<\/strong> est une actrice italienne qui travaille en Allemagne depuis 2013. Elle parle italien, anglais, allemand et fran\u00e7ais. Marzia a jou\u00e9 en Allemagne entre autres les r\u00f4les de &#8220;Gilda&#8221; dans le film t\u00e9l\u00e9vis\u00e9 <em>Goster<\/em>, r\u00e9alis\u00e9 par Didi Danquart (HR\/ARD) en 2015, de &#8220;Maria&#8221; dans le film t\u00e9l\u00e9vis\u00e9 <em>Tatort-Die Sonne stirbt wie ein Tier<\/em>, r\u00e9alis\u00e9 par Patrick Winczewski (ARD) en 2014, ainsi que celui de &#8220;Gina&#8221; dans la s\u00e9rie t\u00e9l\u00e9vis\u00e9e bavaroise <em>Dahoam is Dahoam<\/em>, Tom Pauli (BR) en 2013. Ella a par ailleurs tourn\u00e9 dans plusieurs court-m\u00e9trages, dont <em>Ein Bad v\u00f6ller Tr\u00e4nen<\/em>, <em>Das Kokainbiest <\/em>et<em> Laser Pope<\/em>. Elle travaille \u00e9galement en Italie avec Daniele Scattina, avec qui elle a jou\u00e9 <em>Clan Macbeth<\/em>, notamment lors de diff\u00e9rents festivals internationaux en Alg\u00e9rie, en Georgie, en Jordanie et aux Etats-Unis \u00e1 New York. Le dernier r\u00f4le dans lequel elle est apparue \u00e0 Rome a r\u00e9cemment \u00e9t\u00e9 celui de &#8220;Cesonia&#8221; dans <em>Caligula<\/em> de Camus (par Daniele Scattina) au Th\u00e9\u00e2tre &#8220;Tor Bella Monaca&#8221;, en 2014. Elle a obtenu le prix de la meilleure actrice dans trois festivals internationaux, pour son interpr\u00e9tation de &#8220;Salafa&#8221; dans le film <em>Le Pain nu<\/em> (<em>Al Khubz Al Hafi \u2013 il Pane Nudo<\/em>) du r\u00e9alisateur alg\u00e9rien Rachid Benhadj: le Festival international du film Tiburon (San Francisco), celui du film arabe Tiburon (Rotterdam), ainsi qu&#8217;au <em>BAFF Film Festival <\/em>(Milan). Elle a \u00e9galement jou\u00e9 dans le film <em>No Problem<\/em>, de Vincenzo Salemme (Medusa prod.) et dans plusieurs s\u00e9ries t\u00e9l\u00e9vis\u00e9es italiennes, notamment dans <em>L&#8217;Isola<\/em> et <em>Il bene e il male <\/em>(RAI 1). Elle a suivi en 2015 le cours &#8220;le pouvoir de l&#8217;acteur&#8221; de l&#8217;Am\u00e9ricaine Ivana Chubbuck \u00e0 Berlin et en 2014 le cours de technique Sandy Meisner avec le coach Matthew Corozine \u00e0 New York. Elle a obtenu son dipl\u00f4me de th\u00e9\u00e2tre \u00e0 l&#8217;Universit\u00e9 La Sapienza de Rome et a poursuivi ses \u00e9tudes en art dramatique en Angleterre puis a \u00e9tudi\u00e9 la m\u00e9thode Strasberg en Italie, avec Greta Seacat, Geraldine Baron et Marilyn Fried. Marzia Tedeschi a \u00e9t\u00e9 membre du jury du Festival de th\u00e9\u00e2tre Kufar \u00e1 Minsk (B\u00e9larus), en 2014, ainsi que du jury du Festival intenational du film de Damas, en 2010. Elle a \u00e9galement fait partie du &#8220;<em>Talent&#8217;s Corner<\/em>&#8221; au Festival de Cannes en 2011.<\/p>\n<p>&nbsp;<\/p>\n<p><\/p>","protected":false},"excerpt":{"rendered":"<p>\u00a0Marzia Tedeschi est une actrice italienne qui travaille en Allemagne depuis 2013. Elle parle italien, anglais, allemand et fran\u00e7ais. Marzia a jou\u00e9 en Allemagne entre [&#038;hellip<\/p>\n","protected":false},"author":2,"featured_media":0,"parent":1367,"menu_order":0,"comment_status":"closed","ping_status":"closed","template":"","meta":{"ngg_post_thumbnail":0,"jetpack_post_was_ever_published":false,"footnotes":""},"class_list":["post-237","page","type-page","status-publish","hentry"],"yoast_head":"<!-- This site is optimized with the Yoast SEO plugin v23.4 - https:\/\/yoast.com\/wordpress\/plugins\/seo\/ -->\n<title>biographie - Marzia Tedeschi<\/title>\n<meta name=\"robots\" content=\"index, follow, max-snippet:-1, max-image-preview:large, max-video-preview:-1\" \/>\n<link rel=\"canonical\" href=\"https:\/\/marziatedeschi.idra.it\/marzia-tedeschi-video\/video-cinema\/biografia\/\" \/>\n<meta property=\"og:locale\" content=\"fr_FR\" \/>\n<meta property=\"og:type\" content=\"article\" \/>\n<meta property=\"og:title\" content=\"[:it]biografia[:en]biography[:fr]biographie[:de]biografie[:] - Marzia Tedeschi\" \/>\n<meta property=\"og:description\" content=\"\u00a0Marzia Tedeschi est une actrice italienne qui travaille en Allemagne depuis 2013. Elle parle italien, anglais, allemand et fran\u00e7ais. Marzia a jou\u00e9 en Allemagne entre [&amp;hellip\" \/>\n<meta property=\"og:url\" content=\"https:\/\/marziatedeschi.idra.it\/marzia-tedeschi-video\/video-cinema\/biografia\/\" \/>\n<meta property=\"og:site_name\" content=\"Marzia Tedeschi\" \/>\n<meta property=\"article:modified_time\" content=\"2020-01-20T21:10:55+00:00\" \/>\n<meta name=\"twitter:card\" content=\"summary_large_image\" \/>\n<meta name=\"twitter:label1\" content=\"Dur\u00e9e de lecture estim\u00e9e\" \/>\n\t<meta name=\"twitter:data1\" content=\"10 minutes\" \/>\n<script type=\"application\/ld+json\" class=\"yoast-schema-graph\">{\"@context\":\"https:\/\/schema.org\",\"@graph\":[{\"@type\":\"WebPage\",\"@id\":\"https:\/\/marziatedeschi.idra.it\/marzia-tedeschi-video\/video-cinema\/biografia\/\",\"url\":\"https:\/\/marziatedeschi.idra.it\/marzia-tedeschi-video\/video-cinema\/biografia\/\",\"name\":\"[:it]biografia[:en]biography[:fr]biographie[:de]biografie[:] - Marzia Tedeschi\",\"isPartOf\":{\"@id\":\"https:\/\/marziatedeschi.idra.it\/#website\"},\"datePublished\":\"2011-06-17T08:20:53+00:00\",\"dateModified\":\"2020-01-20T21:10:55+00:00\",\"breadcrumb\":{\"@id\":\"https:\/\/marziatedeschi.idra.it\/marzia-tedeschi-video\/video-cinema\/biografia\/#breadcrumb\"},\"inLanguage\":\"fr-FR\",\"potentialAction\":[{\"@type\":\"ReadAction\",\"target\":[\"https:\/\/marziatedeschi.idra.it\/marzia-tedeschi-video\/video-cinema\/biografia\/\"]}]},{\"@type\":\"BreadcrumbList\",\"@id\":\"https:\/\/marziatedeschi.idra.it\/marzia-tedeschi-video\/video-cinema\/biografia\/#breadcrumb\",\"itemListElement\":[{\"@type\":\"ListItem\",\"position\":1,\"name\":\"Home\",\"item\":\"https:\/\/marziatedeschi.idra.it\/\"},{\"@type\":\"ListItem\",\"position\":2,\"name\":\"video\",\"item\":\"https:\/\/marziatedeschi.idra.it\/marzia-tedeschi-video\/\"},{\"@type\":\"ListItem\",\"position\":3,\"name\":\"video: cinema\",\"item\":\"https:\/\/marziatedeschi.idra.it\/marzia-tedeschi-video\/video-cinema\/\"},{\"@type\":\"ListItem\",\"position\":4,\"name\":\"biografia\"}]},{\"@type\":\"WebSite\",\"@id\":\"https:\/\/marziatedeschi.idra.it\/#website\",\"url\":\"https:\/\/marziatedeschi.idra.it\/\",\"name\":\"Marzia Tedeschi\",\"description\":\"... per PASSIONE, per MISSIONE e per AMORE\",\"potentialAction\":[{\"@type\":\"SearchAction\",\"target\":{\"@type\":\"EntryPoint\",\"urlTemplate\":\"https:\/\/marziatedeschi.idra.it\/?s={search_term_string}\"},\"query-input\":{\"@type\":\"PropertyValueSpecification\",\"valueRequired\":true,\"valueName\":\"search_term_string\"}}],\"inLanguage\":\"fr-FR\"}]}<\/script>\n<!-- \/ Yoast SEO plugin. -->","yoast_head_json":{"title":"[:it]biografia[:en]biography[:fr]biographie[:de]biografie[:] - Marzia Tedeschi","robots":{"index":"index","follow":"follow","max-snippet":"max-snippet:-1","max-image-preview":"max-image-preview:large","max-video-preview":"max-video-preview:-1"},"canonical":"https:\/\/marziatedeschi.idra.it\/marzia-tedeschi-video\/video-cinema\/biografia\/","og_locale":"fr_FR","og_type":"article","og_title":"[:it]biografia[:en]biography[:fr]biographie[:de]biografie[:] - Marzia Tedeschi","og_description":"\u00a0Marzia Tedeschi est une actrice italienne qui travaille en Allemagne depuis 2013. Elle parle italien, anglais, allemand et fran\u00e7ais. Marzia a jou\u00e9 en Allemagne entre [&hellip","og_url":"https:\/\/marziatedeschi.idra.it\/marzia-tedeschi-video\/video-cinema\/biografia\/","og_site_name":"Marzia Tedeschi","article_modified_time":"2020-01-20T21:10:55+00:00","twitter_card":"summary_large_image","twitter_misc":{"Dur\u00e9e de lecture estim\u00e9e":"10 minutes"},"schema":{"@context":"https:\/\/schema.org","@graph":[{"@type":"WebPage","@id":"https:\/\/marziatedeschi.idra.it\/marzia-tedeschi-video\/video-cinema\/biografia\/","url":"https:\/\/marziatedeschi.idra.it\/marzia-tedeschi-video\/video-cinema\/biografia\/","name":"[:it]biografia[:en]biography[:fr]biographie[:de]biografie[:] - Marzia Tedeschi","isPartOf":{"@id":"https:\/\/marziatedeschi.idra.it\/#website"},"datePublished":"2011-06-17T08:20:53+00:00","dateModified":"2020-01-20T21:10:55+00:00","breadcrumb":{"@id":"https:\/\/marziatedeschi.idra.it\/marzia-tedeschi-video\/video-cinema\/biografia\/#breadcrumb"},"inLanguage":"fr-FR","potentialAction":[{"@type":"ReadAction","target":["https:\/\/marziatedeschi.idra.it\/marzia-tedeschi-video\/video-cinema\/biografia\/"]}]},{"@type":"BreadcrumbList","@id":"https:\/\/marziatedeschi.idra.it\/marzia-tedeschi-video\/video-cinema\/biografia\/#breadcrumb","itemListElement":[{"@type":"ListItem","position":1,"name":"Home","item":"https:\/\/marziatedeschi.idra.it\/"},{"@type":"ListItem","position":2,"name":"video","item":"https:\/\/marziatedeschi.idra.it\/marzia-tedeschi-video\/"},{"@type":"ListItem","position":3,"name":"video: cinema","item":"https:\/\/marziatedeschi.idra.it\/marzia-tedeschi-video\/video-cinema\/"},{"@type":"ListItem","position":4,"name":"biografia"}]},{"@type":"WebSite","@id":"https:\/\/marziatedeschi.idra.it\/#website","url":"https:\/\/marziatedeschi.idra.it\/","name":"Marzia Tedeschi","description":"... per PASSIONE, per MISSIONE e per AMORE","potentialAction":[{"@type":"SearchAction","target":{"@type":"EntryPoint","urlTemplate":"https:\/\/marziatedeschi.idra.it\/?s={search_term_string}"},"query-input":{"@type":"PropertyValueSpecification","valueRequired":true,"valueName":"search_term_string"}}],"inLanguage":"fr-FR"}]}},"jetpack_shortlink":"https:\/\/wp.me\/P1Hlqd-3P","jetpack_sharing_enabled":true,"_links":{"self":[{"href":"https:\/\/marziatedeschi.idra.it\/fr\/wp-json\/wp\/v2\/pages\/237"}],"collection":[{"href":"https:\/\/marziatedeschi.idra.it\/fr\/wp-json\/wp\/v2\/pages"}],"about":[{"href":"https:\/\/marziatedeschi.idra.it\/fr\/wp-json\/wp\/v2\/types\/page"}],"author":[{"embeddable":true,"href":"https:\/\/marziatedeschi.idra.it\/fr\/wp-json\/wp\/v2\/users\/2"}],"replies":[{"embeddable":true,"href":"https:\/\/marziatedeschi.idra.it\/fr\/wp-json\/wp\/v2\/comments?post=237"}],"version-history":[{"count":95,"href":"https:\/\/marziatedeschi.idra.it\/fr\/wp-json\/wp\/v2\/pages\/237\/revisions"}],"predecessor-version":[{"id":4108,"href":"https:\/\/marziatedeschi.idra.it\/fr\/wp-json\/wp\/v2\/pages\/237\/revisions\/4108"}],"up":[{"embeddable":true,"href":"https:\/\/marziatedeschi.idra.it\/fr\/wp-json\/wp\/v2\/pages\/1367"}],"wp:attachment":[{"href":"https:\/\/marziatedeschi.idra.it\/fr\/wp-json\/wp\/v2\/media?parent=237"}],"curies":[{"name":"wp","href":"https:\/\/api.w.org\/{rel}","templated":true}]}}