{"id":4,"date":"2011-06-16T19:12:15","date_gmt":"2011-06-16T17:12:15","guid":{"rendered":"http:\/\/marziatedeschi.idra.it\/?page_id=4"},"modified":"2020-01-20T22:07:47","modified_gmt":"2020-01-20T21:07:47","slug":"curriculum","status":"publish","type":"page","link":"https:\/\/marziatedeschi.idra.it\/de\/curriculum\/","title":{"rendered":"curriculum"},"content":{"rendered":"<p><\/p>\n<p><strong>MARZIA TEDESCHI<br \/>\n<\/strong><\/p>\n<p><strong>FREMDSPRACHEN<\/strong>:<br \/>\nItalienisch Muttersprache und flie\u00dfende Englisch, Deutsch und Franz\u00f6sisch.<br \/>\nSie spielte auf Arabisch im Film &#8220;For Bread Alone&#8221; mit einem Dialog-Coach.<\/p>\n<p><strong>AUSBILDUNG<\/strong>:<\/p>\n<p>2017 Casting-Workshop mit Nancy Bishop, Amsterdam. \u00a0 \u00a0\u00a0 \u00a0 \u00a0 \u00a0 2015 Casting-Training: national &amp; international bei iSFF, Berlin. \u00a0 \u00a0 2015 Masterclass \u201cThe Power of the Actor\u201d bei Ivana Chubbuck, Berlin.<br \/>\n2014 Acting classes bei Matthew Corozine, MCS Studio, Meisner Tecnique, Manhattan, New York.<br \/>\n2012-2014 Acting Classes Meisner Technique, bei Mike Bernardin and bei Greta Amend, Actor Space, Berlin.<br \/>\n2004 Masterclass Stanislawsky und Strasberg Methode, bei Michael Margotta, Actor Center, Rom.<br \/>\n2003 Universit\u00e4tsabschluss &#8220;Darstellende K\u00fcnste&#8221; an der Universit\u00e4t&#8221; La Sapienza&#8221; in Rom.<br \/>\n1998-2002 Masterclass Stanislawsky und Strasberg Methode, bei Great Seacat, Geraldine Baron und Marylin Fried, Mailand und Rom.<\/p>\n<p><strong>KINO<\/strong>:<\/p>\n<p>2018 &#8220;Better free&#8221; Kurzfilm, Regie Julian Regensburger, Sudtirol\/ Babelsberg Studios\/ Postam.<\/p>\n<p>2017 Spielfilm &#8220;<strong>Tarantella<\/strong>&#8220;, Regie Nuno-Miguel Wong, Rolle Francesca Tegano, Prod. Turiyafilm und FFF Bayern, M\u00fcnchen.\u00a0 \u00a0 \u00a0 \u00a0 2015 Kurzfilm\u00a0\u201c<strong>Laser Pope<\/strong>\u201d, Rolle die Mutter, Regie Lukas Rinker, Hochschule Medien Mainz.<\/p>\n<p>2011 Spielfilm &#8220;<strong>Mancanza-Studio<\/strong>&#8220;, Regie Stefano Odoardi, Film Co-Produktion S\u00fcdkorea und Italien (0Film, Strike fp), Rom.<br \/>\n2008 Spielfilm &#8220;<strong>No Problem<\/strong>&#8220;, Regie Vincenzo Salemme, NH, Produktion Medusa Film, Rom.<br \/>\n2006 Spielfilm &#8220;<strong>Il Pane Nudo<\/strong>&#8221; (Al Hubz al Hafi), Regie Rachid Benhadj. Hauptrolle: Sallafa. Film Co-Produktion Italien-Marokko-Frankreich.Italienischer Produzent Roberto De Laurentiis.Rom.<br \/>\n2005 Kurzfilm \u201c<strong>Life is an illusion<\/strong>\u201d, Regie Massimo Amici, Los Angeles, USA.<\/p>\n<p><strong>FILM-TV<\/strong>:<\/p>\n<p>2019 &#8220;Bonusfamilie&#8221;, Regie Isabel Braak, Rolle Giulia, Prod. Goodfriends\/ARD, Berlin.<\/p>\n<p>2018&#8243;<strong>Urlaub mit Mama<\/strong>&#8221; Regie Florian Froschmeyer, Rolle Rosalia, Prod. Letterbox\/ARD, Berlin.<br \/>\n2017 &#8220;<strong>Tatort: der sprechende Tote<\/strong>&#8220;,\u00a0Regie Roland Suso Richter, Rolle Maria, mit Andreas Hoppe, AWR\/ARD, Baden Baden DE\/Almeria (Spanien). \u00a0 \u00a0 \u00a0 \u00a0 \u00a0 \u00a0 \u00a0 \u00a0 \u00a0 \u00a0 \u00a0 \u00a0 \u00a0 \u00a0 \u00a0 \u00a0 \u00a0 \u00a0 \u00a0 \u00a0 \u00a0 \u00a0 \u00a0 \u00a0 \u00a0 \u00a0 \u00a0 \u00a0 2016 &#8220;<strong>Leichtmatrosen<\/strong>&#8220;,Regie Stefan Hering, Rolle Luana, mit Golo Euler, Prod. Flare Film\/ARD, Berlin. \u00a0 \u00a0 \u00a0 \u00a0 \u00a0 \u00a0 \u00a0 \u00a0 \u00a0 \u00a0 \u00a0 \u00a0 \u00a0 \u00a0 \u00a0 \u00a0 \u00a0 \u00a0 \u00a0 2015 \u201c<strong>Goster<\/strong>\u201d Regie Didi Danquart, Rolle Gilda, mit Bruno Cathomas, HR\/ARD, Frankfurt am Main. Premiere bei FestFilm M\u00fcnchen 2016.<br \/>\n2014 \u201c<strong>Tatort: die Sonne stirbt wie ein Tier<\/strong>\u201d, Rolle Maria, Regie Patrick Winczewski, Prod.ARD\/SWR, Baden Baden.<br \/>\n2013 \u201c<strong>Dahoam is Dahoam<\/strong>\u201d, Rolle: Gina, Costantin Prod. M\u00fcnchen.<br \/>\n2012 &#8220;<strong>L\u00b4Isola<\/strong>&#8220;, Regie Alberto Negrin, Rolle: Jasmin, RAI Produktion Palomar, Isola D\u00b4Elba.<br \/>\n2008 &#8220;<strong>Il Bene e Il Male<\/strong>&#8221; Regie Giorgio Serafini, Rolle: Irene, Rai Produktion Albatross, Torino.<\/p>\n<p><strong>THEATER<\/strong>:<\/p>\n<p>2019 &#8220;<strong>Clan Macbeth<\/strong>&#8220;, Rolle Lady Macbeth, Regie Daniele Scattina, Skampa internationales Theater Festival,Albanien.<\/p>\n<p>2018 &#8220;<strong>Clan Macbeth<\/strong>&#8220;, Rolle Lady Macbeth, Regie Daniele Scattina, Tanger internationales Theater Festival, Marokko.<br \/>\n2015 &#8220;<strong>Clan Macbeth<\/strong>&#8220;, Rolle Lady Macbeth, Regie Daniele Scattina, B\u00e9jaia Internationales Theater Festival, Algerien.<br \/>\n2015 &#8220;<strong>Clan Macbeth<\/strong>&#8220;, Rolle Lady Macbeth, Regie Daniele Scattina, das internationale Theater von Alger, Algerien.<br \/>\n2015 \u201c<strong>Clan Macbeth<\/strong>\u201d von Shakespeare, Rolle: Lady Macbeth, Regie Daniele Scattina, Poti Int. Theater Festival, Georgien.<br \/>\n2014 \u201c<strong>Clan Macbeth<\/strong>\u201d von Shakespeare, Rolle: Lady Macbeth, Regie Daniele Scattina, MITF Festival, Manhattan, New York.<br \/>\n2014 \u201c<strong>Rock Caligula<\/strong>\u201d von Camus, Rolle : Cesonia, Regie Daniele Scattina, Theater \u201cTor Bella Monaca\u201d, Rom.<br \/>\n2011 &#8220;<strong>Clan Macbeth<\/strong>&#8221; von Shakespeare, National Tour, HR: Lady Macbeth, Regie Daniele Scattina. Amman International Theater Festival, Jordan 2011.<br \/>\n2008-09 &#8220;<strong>Attivamente coinvolte<\/strong>&#8221; Regie Daniela Giordano, HR: Andromaca, von Euripide, Theater &#8220;Palladium&#8221;, FestaD&#8217;Africa Festival, Rom.<br \/>\n2008 &#8220;<strong>Come lo fanno le ragazze<\/strong>&#8221; Regie Daniela Giordano, HR: Elisa, Theater &#8220;Piccolo Eliseo&#8221;, Rom.<br \/>\n2006 &#8220;<strong>L\u00b4Isola e il vento<\/strong>&#8220;,Regie G. Querini, HR mit Filippo Timi, Theater &#8220;Ateneo&#8221;Rom.<br \/>\n2004-2005 &#8220;<strong>L\u00b4Impresario delle Smirne<\/strong>&#8221; von Carlo Goldoni, Regie Massimo Belli, HR: Lucrezia Giuggioli, mit Nino Castelnuovo. Taormina Arte Festival, National Tour,<br \/>\n2003 &#8220;<strong>Drunken Song, or some men are born postumously<\/strong>&#8220;, Regie: Terry Enright, Theater &#8220;The Studio&#8221;, England.<\/p>\n<p><strong>AUSZEICHNUNGEN\/PREISE<\/strong>:<\/p>\n<p>2018\u00a0&#8220;Beste Schauspielerin&#8221; f\u00fcr die Rolle Lady Macbeth, Tanger theater festival, Marokko.<br \/>\n2006 &#8220;Beste Schauspielerin&#8221; Tiburon International Film Festival in San Francisco (<a title=\"www.tiburonfilmfestival.com\" href=\"http:\/\/www.tiburonfilmfestival.com\" target=\"_blank\" rel=\"noopener noreferrer\">www.tiburonfilmfestival.com<\/a>), mit dem Film &#8220;For Bread Alone&#8221; (Il Pane Nudo- Al Hubz al Hafi) USA.<br \/>\n2006 &#8220;Beste Schauspielerin&#8221;, B. A.F.F, Film Festival (<a title=\"www.baff.it\" href=\"http:\/\/www.baff.it\" target=\"_blank\" rel=\"noopener noreferrer\">www.baff.it<\/a>), mit dem Film &#8220;For Bread Alone&#8221; (Il Pane Nudo), Italien.<br \/>\n2006 &#8220;Beste Schauspielerin&#8221; Rotterdam Arab Film Festival mit dem Film &#8220;For Bread Alone&#8221; (Il Pane Nudo- Al Hubz al Hafi), Niederlande.<\/p>\n<p><strong>WEITERES<\/strong>:<br \/>\n2014 Jury Mitglied am Kufar Theater Festival in Minsk, We\u00dfrussland.<br \/>\n2010 Jury Mitglied auf den Filmfestspielen von Damaskus, Syrien.<br \/>\n2011 &#8220;Talent\u00b4s Corner&#8221; Schauspielerin auf den Filmfestspielen in Cannes, Frankreich.<\/p>\n<p><strong>SPORT &amp; HOBBIES<\/strong>:<br \/>\nSingen, Tanzen (Lateinamerikanische und moderner Tanz und Bauchtanz) Schwimmen,Skifahren.<\/p>\n<p>Agentur :<\/p>\n<p>Black and White Management, Rom.<\/p>\n<p>https:\/\/blackewhite.com\/actors\/marzia-tedeschi\/<\/p>\n<p>&nbsp;<\/p>\n<p>&nbsp;<\/p>\n<p><\/p>","protected":false},"excerpt":{"rendered":"<p>MARZIA TEDESCHI FREMDSPRACHEN: Italienisch Muttersprache und flie\u00dfende Englisch, Deutsch und Franz\u00f6sisch. Sie spielte auf Arabisch im Film &#8220;For Bread Alone&#8221; mit einem Dialog-Coach. AUSBILDUNG: 2017 [&#038;hellip<\/p>\n","protected":false},"author":2,"featured_media":0,"parent":0,"menu_order":0,"comment_status":"closed","ping_status":"closed","template":"","meta":{"ngg_post_thumbnail":0,"jetpack_post_was_ever_published":false,"footnotes":""},"class_list":["post-4","page","type-page","status-publish","hentry"],"yoast_head":"<!-- This site is optimized with the Yoast SEO plugin v23.4 - https:\/\/yoast.com\/wordpress\/plugins\/seo\/ -->\n<title>curriculum - Marzia Tedeschi<\/title>\n<meta name=\"robots\" content=\"index, follow, max-snippet:-1, max-image-preview:large, max-video-preview:-1\" \/>\n<link rel=\"canonical\" href=\"https:\/\/marziatedeschi.idra.it\/curriculum\/\" \/>\n<meta property=\"og:locale\" content=\"de_DE\" \/>\n<meta property=\"og:type\" content=\"article\" \/>\n<meta property=\"og:title\" content=\"[:it]curriculum[:en]r\u00e9sum\u00e9[:fr]r\u00e9sum\u00e9[:de]curriculum[:] - Marzia Tedeschi\" \/>\n<meta property=\"og:description\" content=\"MARZIA TEDESCHI FREMDSPRACHEN: Italienisch Muttersprache und flie\u00dfende Englisch, Deutsch und Franz\u00f6sisch. Sie spielte auf Arabisch im Film &#8220;For Bread Alone&#8221; mit einem Dialog-Coach. AUSBILDUNG: 2017 [&amp;hellip\" \/>\n<meta property=\"og:url\" content=\"https:\/\/marziatedeschi.idra.it\/curriculum\/\" \/>\n<meta property=\"og:site_name\" content=\"Marzia Tedeschi\" \/>\n<meta property=\"article:modified_time\" content=\"2020-01-20T21:07:47+00:00\" \/>\n<meta name=\"twitter:card\" content=\"summary_large_image\" \/>\n<meta name=\"twitter:label1\" content=\"Gesch\u00e4tzte Lesezeit\" \/>\n\t<meta name=\"twitter:data1\" content=\"15\u00a0Minuten\" \/>\n<script type=\"application\/ld+json\" class=\"yoast-schema-graph\">{\"@context\":\"https:\/\/schema.org\",\"@graph\":[{\"@type\":\"WebPage\",\"@id\":\"https:\/\/marziatedeschi.idra.it\/curriculum\/\",\"url\":\"https:\/\/marziatedeschi.idra.it\/curriculum\/\",\"name\":\"[:it]curriculum[:en]r\u00e9sum\u00e9[:fr]r\u00e9sum\u00e9[:de]curriculum[:] - Marzia Tedeschi\",\"isPartOf\":{\"@id\":\"https:\/\/marziatedeschi.idra.it\/#website\"},\"datePublished\":\"2011-06-16T17:12:15+00:00\",\"dateModified\":\"2020-01-20T21:07:47+00:00\",\"breadcrumb\":{\"@id\":\"https:\/\/marziatedeschi.idra.it\/curriculum\/#breadcrumb\"},\"inLanguage\":\"de\",\"potentialAction\":[{\"@type\":\"ReadAction\",\"target\":[\"https:\/\/marziatedeschi.idra.it\/curriculum\/\"]}]},{\"@type\":\"BreadcrumbList\",\"@id\":\"https:\/\/marziatedeschi.idra.it\/curriculum\/#breadcrumb\",\"itemListElement\":[{\"@type\":\"ListItem\",\"position\":1,\"name\":\"Home\",\"item\":\"https:\/\/marziatedeschi.idra.it\/\"},{\"@type\":\"ListItem\",\"position\":2,\"name\":\"curriculum\"}]},{\"@type\":\"WebSite\",\"@id\":\"https:\/\/marziatedeschi.idra.it\/#website\",\"url\":\"https:\/\/marziatedeschi.idra.it\/\",\"name\":\"Marzia Tedeschi\",\"description\":\"... per PASSIONE, per MISSIONE e per AMORE\",\"potentialAction\":[{\"@type\":\"SearchAction\",\"target\":{\"@type\":\"EntryPoint\",\"urlTemplate\":\"https:\/\/marziatedeschi.idra.it\/?s={search_term_string}\"},\"query-input\":{\"@type\":\"PropertyValueSpecification\",\"valueRequired\":true,\"valueName\":\"search_term_string\"}}],\"inLanguage\":\"de\"}]}<\/script>\n<!-- \/ Yoast SEO plugin. -->","yoast_head_json":{"title":"[:it]curriculum[:en]r\u00e9sum\u00e9[:fr]r\u00e9sum\u00e9[:de]curriculum[:] - Marzia Tedeschi","robots":{"index":"index","follow":"follow","max-snippet":"max-snippet:-1","max-image-preview":"max-image-preview:large","max-video-preview":"max-video-preview:-1"},"canonical":"https:\/\/marziatedeschi.idra.it\/curriculum\/","og_locale":"de_DE","og_type":"article","og_title":"[:it]curriculum[:en]r\u00e9sum\u00e9[:fr]r\u00e9sum\u00e9[:de]curriculum[:] - Marzia Tedeschi","og_description":"MARZIA TEDESCHI FREMDSPRACHEN: Italienisch Muttersprache und flie\u00dfende Englisch, Deutsch und Franz\u00f6sisch. Sie spielte auf Arabisch im Film &#8220;For Bread Alone&#8221; mit einem Dialog-Coach. AUSBILDUNG: 2017 [&hellip","og_url":"https:\/\/marziatedeschi.idra.it\/curriculum\/","og_site_name":"Marzia Tedeschi","article_modified_time":"2020-01-20T21:07:47+00:00","twitter_card":"summary_large_image","twitter_misc":{"Gesch\u00e4tzte Lesezeit":"15\u00a0Minuten"},"schema":{"@context":"https:\/\/schema.org","@graph":[{"@type":"WebPage","@id":"https:\/\/marziatedeschi.idra.it\/curriculum\/","url":"https:\/\/marziatedeschi.idra.it\/curriculum\/","name":"[:it]curriculum[:en]r\u00e9sum\u00e9[:fr]r\u00e9sum\u00e9[:de]curriculum[:] - Marzia Tedeschi","isPartOf":{"@id":"https:\/\/marziatedeschi.idra.it\/#website"},"datePublished":"2011-06-16T17:12:15+00:00","dateModified":"2020-01-20T21:07:47+00:00","breadcrumb":{"@id":"https:\/\/marziatedeschi.idra.it\/curriculum\/#breadcrumb"},"inLanguage":"de","potentialAction":[{"@type":"ReadAction","target":["https:\/\/marziatedeschi.idra.it\/curriculum\/"]}]},{"@type":"BreadcrumbList","@id":"https:\/\/marziatedeschi.idra.it\/curriculum\/#breadcrumb","itemListElement":[{"@type":"ListItem","position":1,"name":"Home","item":"https:\/\/marziatedeschi.idra.it\/"},{"@type":"ListItem","position":2,"name":"curriculum"}]},{"@type":"WebSite","@id":"https:\/\/marziatedeschi.idra.it\/#website","url":"https:\/\/marziatedeschi.idra.it\/","name":"Marzia Tedeschi","description":"... per PASSIONE, per MISSIONE e per AMORE","potentialAction":[{"@type":"SearchAction","target":{"@type":"EntryPoint","urlTemplate":"https:\/\/marziatedeschi.idra.it\/?s={search_term_string}"},"query-input":{"@type":"PropertyValueSpecification","valueRequired":true,"valueName":"search_term_string"}}],"inLanguage":"de"}]}},"jetpack_shortlink":"https:\/\/wp.me\/P1Hlqd-4","jetpack_sharing_enabled":true,"_links":{"self":[{"href":"https:\/\/marziatedeschi.idra.it\/de\/wp-json\/wp\/v2\/pages\/4"}],"collection":[{"href":"https:\/\/marziatedeschi.idra.it\/de\/wp-json\/wp\/v2\/pages"}],"about":[{"href":"https:\/\/marziatedeschi.idra.it\/de\/wp-json\/wp\/v2\/types\/page"}],"author":[{"embeddable":true,"href":"https:\/\/marziatedeschi.idra.it\/de\/wp-json\/wp\/v2\/users\/2"}],"replies":[{"embeddable":true,"href":"https:\/\/marziatedeschi.idra.it\/de\/wp-json\/wp\/v2\/comments?post=4"}],"version-history":[{"count":154,"href":"https:\/\/marziatedeschi.idra.it\/de\/wp-json\/wp\/v2\/pages\/4\/revisions"}],"predecessor-version":[{"id":4107,"href":"https:\/\/marziatedeschi.idra.it\/de\/wp-json\/wp\/v2\/pages\/4\/revisions\/4107"}],"wp:attachment":[{"href":"https:\/\/marziatedeschi.idra.it\/de\/wp-json\/wp\/v2\/media?parent=4"}],"curies":[{"name":"wp","href":"https:\/\/api.w.org\/{rel}","templated":true}]}}